{"id":478,"date":"2026-02-02T16:22:51","date_gmt":"2026-02-02T21:22:51","guid":{"rendered":"https:\/\/ferme-saint-aubin.com\/?page_id=478"},"modified":"2026-02-12T16:01:09","modified_gmt":"2026-02-12T21:01:09","slug":"activites","status":"publish","type":"page","link":"https:\/\/ferme-saint-aubin.com\/en\/activites\/","title":{"rendered":"Activities"},"content":{"rendered":"<h1 class=\"wp-block-heading\" style=\"font-size:62px\"><strong>Activities in the Haute-Tarentaise<\/strong><\/h1>\n\n\n\n<p class=\"wp-block-paragraph\">Located in the heart of the Haute-Tarentaise, the Ferme Saint-Aubin is an ideal starting point to fully enjoy the mountains, whatever the season.<br>Winter sports, hiking, nature or moments of relaxation, everyone can tailor their stay to their desires.<\/p>\n\n\n\n<div class=\"wp-block-columns is-layout-flex wp-container-core-columns-is-layout-c16aad78 wp-block-columns-is-layout-flex\" style=\"padding-top:var(--wp--preset--spacing--60);padding-right:0;padding-bottom:var(--wp--preset--spacing--60);padding-left:0\">\n<div class=\"wp-block-column is-layout-flow wp-container-core-column-is-layout-d405c574 wp-block-column-is-layout-flow\" style=\"border-width:1px;border-top-left-radius:5px;border-top-right-radius:5px;border-bottom-left-radius:5px;border-bottom-right-radius:5px;padding-top:var(--wp--preset--spacing--50);padding-bottom:var(--wp--preset--spacing--50)\">\n<h3 class=\"wp-block-heading has-text-align-center\"><strong>Winter Activities<\/strong><\/h3>\n\n\n\n<figure class=\"wp-block-image size-large has-custom-border\"><img data-recalc-dims=\"1\" loading=\"lazy\" decoding=\"async\" width=\"1024\" height=\"683\" data-attachment-id=\"295\" data-permalink=\"https:\/\/ferme-saint-aubin.com\/en\/img_3422\/\" data-orig-file=\"https:\/\/i0.wp.com\/ferme-saint-aubin.com\/wp-content\/uploads\/2026\/02\/IMG_3422.jpg?fit=4272%2C2848&amp;ssl=1\" data-orig-size=\"4272,2848\" data-comments-opened=\"1\" data-image-meta=\"{&quot;aperture&quot;:&quot;13&quot;,&quot;credit&quot;:&quot;&quot;,&quot;camera&quot;:&quot;Canon EOS 450D&quot;,&quot;caption&quot;:&quot;&quot;,&quot;created_timestamp&quot;:&quot;1627342740&quot;,&quot;copyright&quot;:&quot;&quot;,&quot;focal_length&quot;:&quot;135&quot;,&quot;iso&quot;:&quot;100&quot;,&quot;shutter_speed&quot;:&quot;0.0015625&quot;,&quot;title&quot;:&quot;&quot;,&quot;orientation&quot;:&quot;1&quot;}\" data-image-title=\"IMG_3422\" data-image-description=\"\" data-image-caption=\"\" data-large-file=\"https:\/\/i0.wp.com\/ferme-saint-aubin.com\/wp-content\/uploads\/2026\/02\/IMG_3422.jpg?fit=1024%2C683&amp;ssl=1\" src=\"https:\/\/i0.wp.com\/ferme-saint-aubin.com\/wp-content\/uploads\/2026\/02\/IMG_3422.jpg?resize=1024%2C683&#038;ssl=1\" alt=\"Versant eneig\u00e9 \u00e0 proximit\u00e9 de la Ferme Saint Aubin en Savoie\" class=\"wp-image-295\" style=\"border-top-left-radius:0px;border-top-right-radius:0px;border-bottom-left-radius:0px;border-bottom-right-radius:0px;aspect-ratio:2\/3;object-fit:cover\" srcset=\"https:\/\/i0.wp.com\/ferme-saint-aubin.com\/wp-content\/uploads\/2026\/02\/IMG_3422.jpg?resize=1024%2C683&amp;ssl=1 1024w, https:\/\/i0.wp.com\/ferme-saint-aubin.com\/wp-content\/uploads\/2026\/02\/IMG_3422.jpg?resize=300%2C200&amp;ssl=1 300w, https:\/\/i0.wp.com\/ferme-saint-aubin.com\/wp-content\/uploads\/2026\/02\/IMG_3422.jpg?resize=768%2C512&amp;ssl=1 768w, https:\/\/i0.wp.com\/ferme-saint-aubin.com\/wp-content\/uploads\/2026\/02\/IMG_3422.jpg?resize=1536%2C1024&amp;ssl=1 1536w, https:\/\/i0.wp.com\/ferme-saint-aubin.com\/wp-content\/uploads\/2026\/02\/IMG_3422.jpg?resize=2048%2C1365&amp;ssl=1 2048w, https:\/\/i0.wp.com\/ferme-saint-aubin.com\/wp-content\/uploads\/2026\/02\/IMG_3422.jpg?w=3000&amp;ssl=1 3000w\" sizes=\"auto, (max-width: 1000px) 100vw, 1000px\" \/><\/figure>\n\n\n\n<div class=\"wp-block-buttons is-content-justification-center is-layout-flex wp-container-core-buttons-is-layout-3e41869c wp-block-buttons-is-layout-flex\">\n<div class=\"wp-block-button\"><a class=\"wp-block-button__link wp-element-button\" href=\"https:\/\/ferme-saint-aubin.com\/en\/activites-dhiver\/\">Discover winter activities<\/a><\/div>\n<\/div>\n<\/div>\n\n\n\n<div class=\"wp-block-column is-layout-flow wp-container-core-column-is-layout-d405c574 wp-block-column-is-layout-flow\" style=\"border-width:1px;border-top-left-radius:5px;border-top-right-radius:5px;border-bottom-left-radius:5px;border-bottom-right-radius:5px;padding-top:var(--wp--preset--spacing--50);padding-bottom:var(--wp--preset--spacing--50)\">\n<h3 class=\"wp-block-heading has-text-align-center\"><strong>Summer Activities<\/strong><\/h3>\n\n\n\n<figure class=\"wp-block-image size-large\"><img data-recalc-dims=\"1\" loading=\"lazy\" decoding=\"async\" width=\"681\" height=\"1024\" data-attachment-id=\"300\" data-permalink=\"https:\/\/ferme-saint-aubin.com\/en\/screenshot-3\/\" data-orig-file=\"https:\/\/i0.wp.com\/ferme-saint-aubin.com\/wp-content\/uploads\/2026\/02\/IMG_4106.jpeg?fit=1478%2C2224&amp;ssl=1\" data-orig-size=\"1478,2224\" data-comments-opened=\"1\" data-image-meta=\"{&quot;aperture&quot;:&quot;0&quot;,&quot;credit&quot;:&quot;&quot;,&quot;camera&quot;:&quot;&quot;,&quot;caption&quot;:&quot;Screenshot&quot;,&quot;created_timestamp&quot;:&quot;1753164026&quot;,&quot;copyright&quot;:&quot;&quot;,&quot;focal_length&quot;:&quot;0&quot;,&quot;iso&quot;:&quot;0&quot;,&quot;shutter_speed&quot;:&quot;0&quot;,&quot;title&quot;:&quot;Screenshot&quot;,&quot;orientation&quot;:&quot;1&quot;}\" data-image-title=\"Screenshot\" data-image-description=\"\" data-image-caption=\"&lt;p&gt;Screenshot&lt;\/p&gt;\" data-large-file=\"https:\/\/i0.wp.com\/ferme-saint-aubin.com\/wp-content\/uploads\/2026\/02\/IMG_4106.jpeg?fit=681%2C1024&amp;ssl=1\" src=\"https:\/\/i0.wp.com\/ferme-saint-aubin.com\/wp-content\/uploads\/2026\/02\/IMG_4106.jpeg?resize=681%2C1024&#038;ssl=1\" alt=\"\u00c9quipements d'escalade \u00e0 la Ferme Saint Aubin dans les Alpes\" class=\"wp-image-300\" srcset=\"https:\/\/i0.wp.com\/ferme-saint-aubin.com\/wp-content\/uploads\/2026\/02\/IMG_4106.jpeg?resize=681%2C1024&amp;ssl=1 681w, https:\/\/i0.wp.com\/ferme-saint-aubin.com\/wp-content\/uploads\/2026\/02\/IMG_4106.jpeg?resize=199%2C300&amp;ssl=1 199w, https:\/\/i0.wp.com\/ferme-saint-aubin.com\/wp-content\/uploads\/2026\/02\/IMG_4106.jpeg?resize=768%2C1156&amp;ssl=1 768w, https:\/\/i0.wp.com\/ferme-saint-aubin.com\/wp-content\/uploads\/2026\/02\/IMG_4106.jpeg?resize=1021%2C1536&amp;ssl=1 1021w, https:\/\/i0.wp.com\/ferme-saint-aubin.com\/wp-content\/uploads\/2026\/02\/IMG_4106.jpeg?resize=1361%2C2048&amp;ssl=1 1361w, https:\/\/i0.wp.com\/ferme-saint-aubin.com\/wp-content\/uploads\/2026\/02\/IMG_4106.jpeg?w=1478&amp;ssl=1 1478w\" sizes=\"auto, (max-width: 681px) 100vw, 681px\" \/><\/figure>\n\n\n\n<div class=\"wp-block-buttons is-content-justification-center is-layout-flex wp-container-core-buttons-is-layout-3e41869c wp-block-buttons-is-layout-flex\">\n<div class=\"wp-block-button\"><a class=\"wp-block-button__link wp-element-button\" href=\"https:\/\/ferme-saint-aubin.com\/en\/activites-dete\/\">Discover summer activities<\/a><\/div>\n<\/div>\n<\/div>\n\n\n\n<div class=\"wp-block-column is-layout-flow wp-container-core-column-is-layout-f4616deb wp-block-column-is-layout-flow\" style=\"border-width:1px;border-top-left-radius:5px;border-top-right-radius:5px;border-bottom-left-radius:5px;border-bottom-right-radius:5px;padding-top:var(--wp--preset--spacing--50);padding-right:0;padding-bottom:var(--wp--preset--spacing--50);padding-left:0\">\n<h3 class=\"wp-block-heading has-text-align-center\"><strong>Our little extras<\/strong><\/h3>\n\n\n\n<figure class=\"wp-block-image size-large\"><img data-recalc-dims=\"1\" loading=\"lazy\" decoding=\"async\" width=\"680\" height=\"1024\" data-attachment-id=\"301\" data-permalink=\"https:\/\/ferme-saint-aubin.com\/en\/screenshot-4\/\" data-orig-file=\"https:\/\/i0.wp.com\/ferme-saint-aubin.com\/wp-content\/uploads\/2026\/02\/IMG_4107.jpeg?fit=1479%2C2227&amp;ssl=1\" data-orig-size=\"1479,2227\" data-comments-opened=\"1\" data-image-meta=\"{&quot;aperture&quot;:&quot;0&quot;,&quot;credit&quot;:&quot;&quot;,&quot;camera&quot;:&quot;&quot;,&quot;caption&quot;:&quot;Screenshot&quot;,&quot;created_timestamp&quot;:&quot;1753164033&quot;,&quot;copyright&quot;:&quot;&quot;,&quot;focal_length&quot;:&quot;0&quot;,&quot;iso&quot;:&quot;0&quot;,&quot;shutter_speed&quot;:&quot;0&quot;,&quot;title&quot;:&quot;Screenshot&quot;,&quot;orientation&quot;:&quot;1&quot;}\" data-image-title=\"Screenshot\" data-image-description=\"\" data-image-caption=\"&lt;p&gt;Screenshot&lt;\/p&gt;\" data-large-file=\"https:\/\/i0.wp.com\/ferme-saint-aubin.com\/wp-content\/uploads\/2026\/02\/IMG_4107.jpeg?fit=680%2C1024&amp;ssl=1\" src=\"https:\/\/i0.wp.com\/ferme-saint-aubin.com\/wp-content\/uploads\/2026\/02\/IMG_4107.jpeg?resize=680%2C1024&#038;ssl=1\" alt=\"Les activit\u00e9s propos\u00e9 \u00e0 la Ferme Saint Aubin \u00e0 Sainte Foy Tarentaise comme le ski les flechettes et la lecture\" class=\"wp-image-301\" srcset=\"https:\/\/i0.wp.com\/ferme-saint-aubin.com\/wp-content\/uploads\/2026\/02\/IMG_4107.jpeg?resize=680%2C1024&amp;ssl=1 680w, https:\/\/i0.wp.com\/ferme-saint-aubin.com\/wp-content\/uploads\/2026\/02\/IMG_4107.jpeg?resize=199%2C300&amp;ssl=1 199w, https:\/\/i0.wp.com\/ferme-saint-aubin.com\/wp-content\/uploads\/2026\/02\/IMG_4107.jpeg?resize=768%2C1156&amp;ssl=1 768w, https:\/\/i0.wp.com\/ferme-saint-aubin.com\/wp-content\/uploads\/2026\/02\/IMG_4107.jpeg?resize=1020%2C1536&amp;ssl=1 1020w, https:\/\/i0.wp.com\/ferme-saint-aubin.com\/wp-content\/uploads\/2026\/02\/IMG_4107.jpeg?resize=1360%2C2048&amp;ssl=1 1360w, https:\/\/i0.wp.com\/ferme-saint-aubin.com\/wp-content\/uploads\/2026\/02\/IMG_4107.jpeg?w=1479&amp;ssl=1 1479w\" sizes=\"auto, (max-width: 680px) 100vw, 680px\" \/><\/figure>\n\n\n\n<div class=\"wp-block-buttons is-content-justification-center is-layout-flex wp-container-core-buttons-is-layout-3e41869c wp-block-buttons-is-layout-flex\">\n<div class=\"wp-block-button\"><a class=\"wp-block-button__link wp-element-button\" href=\"https:\/\/ferme-saint-aubin.com\/en\/nos-petits-plus\/\">Discover our little extras<\/a><\/div>\n<\/div>\n<\/div>\n<\/div>\n\n\n\n<h2 class=\"wp-block-heading\">A mountain to experience at your own pace<\/h2>\n\n\n\n<p class=\"wp-block-paragraph\">Whether you are sporty, contemplative, with family or friends, Ferme Saint-Aubin allows you to create a tailor-made holiday, in complete freedom, according to the seasons and your desires.<\/p>\n\n\n\n<div class=\"wp-block-buttons is-layout-flex wp-block-buttons-is-layout-flex\">\n<div class=\"wp-block-button has-custom-width wp-block-button__width-50\"><a class=\"wp-block-button__link has-lora-font-family has-custom-font-size wp-element-button\" href=\"https:\/\/ferme-saint-aubin.com\/en\/contact\/\" style=\"font-size:27px\"><strong>Contact us<\/strong> for more information<\/a><\/div>\n<\/div>\n\n\n\n<p class=\"wp-block-paragraph\"><\/p>","protected":false},"excerpt":{"rendered":"<p>Activit\u00e9s dans la Haute-Tarentaise Situ\u00e9e au c\u0153ur de la Haute-Tarentaise, la Ferme Saint-Aubin est un point de d\u00e9part id\u00e9al pour [&hellip;]<\/p>\n","protected":false},"author":276402673,"featured_media":0,"parent":0,"menu_order":0,"comment_status":"closed","ping_status":"closed","template":"","meta":{"_crdt_document":"","inline_featured_image":false,"site-sidebar-layout":"default","site-content-layout":"","ast-site-content-layout":"default","site-content-style":"default","site-sidebar-style":"default","ast-global-header-display":"","ast-banner-title-visibility":"","ast-main-header-display":"","ast-hfb-above-header-display":"","ast-hfb-below-header-display":"","ast-hfb-mobile-header-display":"","site-post-title":"disabled","ast-breadcrumbs-content":"","ast-featured-img":"","footer-sml-layout":"","ast-disable-related-posts":"","theme-transparent-header-meta":"","adv-header-id-meta":"","stick-header-meta":"","header-above-stick-meta":"","header-main-stick-meta":"","header-below-stick-meta":"","astra-migrate-meta-layouts":"default","ast-page-background-enabled":"default","ast-page-background-meta":{"desktop":{"background-color":"var(--ast-global-color-5)","background-image":"","background-repeat":"repeat","background-position":"center center","background-size":"auto","background-attachment":"scroll","background-type":"","background-media":"","overlay-type":"","overlay-color":"","overlay-opacity":"","overlay-gradient":""},"tablet":{"background-color":"","background-image":"","background-repeat":"repeat","background-position":"center center","background-size":"auto","background-attachment":"scroll","background-type":"","background-media":"","overlay-type":"","overlay-color":"","overlay-opacity":"","overlay-gradient":""},"mobile":{"background-color":"","background-image":"","background-repeat":"repeat","background-position":"center center","background-size":"auto","background-attachment":"scroll","background-type":"","background-media":"","overlay-type":"","overlay-color":"","overlay-opacity":"","overlay-gradient":""}},"ast-content-background-meta":{"desktop":{"background-color":"var(--ast-global-color-4)","background-image":"","background-repeat":"repeat","background-position":"center center","background-size":"auto","background-attachment":"scroll","background-type":"","background-media":"","overlay-type":"","overlay-color":"","overlay-opacity":"","overlay-gradient":""},"tablet":{"background-color":"var(--ast-global-color-4)","background-image":"","background-repeat":"repeat","background-position":"center center","background-size":"auto","background-attachment":"scroll","background-type":"","background-media":"","overlay-type":"","overlay-color":"","overlay-opacity":"","overlay-gradient":""},"mobile":{"background-color":"var(--ast-global-color-4)","background-image":"","background-repeat":"repeat","background-position":"center center","background-size":"auto","background-attachment":"scroll","background-type":"","background-media":"","overlay-type":"","overlay-color":"","overlay-opacity":"","overlay-gradient":""}},"footnotes":""},"class_list":["post-478","page","type-page","status-publish","hentry"],"jetpack_likes_enabled":true,"jetpack_sharing_enabled":true,"jetpack_shortlink":"https:\/\/wp.me\/Ph3eA3-7I","jetpack-related-posts":[],"_links":{"self":[{"href":"https:\/\/ferme-saint-aubin.com\/en\/wp-json\/wp\/v2\/pages\/478","targetHints":{"allow":["GET"]}}],"collection":[{"href":"https:\/\/ferme-saint-aubin.com\/en\/wp-json\/wp\/v2\/pages"}],"about":[{"href":"https:\/\/ferme-saint-aubin.com\/en\/wp-json\/wp\/v2\/types\/page"}],"author":[{"embeddable":true,"href":"https:\/\/ferme-saint-aubin.com\/en\/wp-json\/wp\/v2\/users\/276402673"}],"replies":[{"embeddable":true,"href":"https:\/\/ferme-saint-aubin.com\/en\/wp-json\/wp\/v2\/comments?post=478"}],"version-history":[{"count":17,"href":"https:\/\/ferme-saint-aubin.com\/en\/wp-json\/wp\/v2\/pages\/478\/revisions"}],"predecessor-version":[{"id":921,"href":"https:\/\/ferme-saint-aubin.com\/en\/wp-json\/wp\/v2\/pages\/478\/revisions\/921"}],"wp:attachment":[{"href":"https:\/\/ferme-saint-aubin.com\/en\/wp-json\/wp\/v2\/media?parent=478"}],"curies":[{"name":"wp","href":"https:\/\/api.w.org\/{rel}","templated":true}]}}